{"id":1580,"date":"2025-03-26T15:19:13","date_gmt":"2025-03-26T14:19:13","guid":{"rendered":"https:\/\/www.maisonroussarie.com\/evenements-prives\/"},"modified":"2025-05-26T15:16:31","modified_gmt":"2025-05-26T13:16:31","slug":"private-events","status":"publish","type":"page","link":"https:\/\/www.maisonroussarie.com\/en\/private-events\/","title":{"rendered":"Private events"},"content":{"rendered":"","protected":false},"excerpt":{"rendered":"","protected":false},"author":1,"featured_media":0,"parent":0,"menu_order":5,"comment_status":"closed","ping_status":"closed","template":"page-fluid.php","meta":{"_acf_changed":false,"footnotes":""},"class_list":["post-1580","page","type-page","status-publish","hentry"],"acf":[],"yoast_head":"<!-- This site is optimized with the Yoast SEO plugin v25.2 - https:\/\/yoast.com\/wordpress\/plugins\/seo\/ -->\n<title>Private events &#8226; Maison Roussarie &#8226; Catering, weddings, corporate events<\/title>\n<meta name=\"description\" content=\"Parce que chaque \u00e9v\u00e9nement est unique, la Maison Roussarie vous proposons diff\u00e9rentes formules de service, pens\u00e9es pour s\u2019adapter \u00e0 vos envies, \u00e0 votre lieu de r\u00e9ception et \u00e0 l\u2019ambiance souhait\u00e9e.\" \/>\n<meta name=\"robots\" content=\"index, follow, max-snippet:-1, max-image-preview:large, max-video-preview:-1\" \/>\n<link rel=\"canonical\" href=\"https:\/\/www.maisonroussarie.com\/en\/private-events\/\" \/>\n<meta property=\"og:locale\" content=\"en_US\" \/>\n<meta property=\"og:type\" content=\"article\" \/>\n<meta property=\"og:title\" content=\"Private events &#8226; Maison Roussarie &#8226; Catering, weddings, corporate events\" \/>\n<meta property=\"og:description\" content=\"Parce que chaque \u00e9v\u00e9nement est unique, la Maison Roussarie vous proposons diff\u00e9rentes formules de service, pens\u00e9es pour s\u2019adapter \u00e0 vos envies, \u00e0 votre lieu de r\u00e9ception et \u00e0 l\u2019ambiance souhait\u00e9e.\" \/>\n<meta property=\"og:url\" content=\"https:\/\/www.maisonroussarie.com\/en\/private-events\/\" \/>\n<meta property=\"og:site_name\" content=\"Maison Roussarie\" \/>\n<meta property=\"article:modified_time\" content=\"2025-05-26T13:16:31+00:00\" \/>\n<meta property=\"og:image\" content=\"https:\/\/www.maisonroussarie.com\/wp-content\/uploads\/2025\/04\/Maison-Roussarie-Cocktails-mariage-1.jpg\" \/>\n\t<meta property=\"og:image:width\" content=\"1920\" \/>\n\t<meta property=\"og:image:height\" content=\"1280\" \/>\n\t<meta property=\"og:image:type\" content=\"image\/jpeg\" \/>\n<meta name=\"twitter:card\" content=\"summary_large_image\" \/>\n<meta name=\"twitter:label1\" content=\"Est. reading time\" \/>\n\t<meta name=\"twitter:data1\" content=\"4 minutes\" \/>\n<script type=\"application\/ld+json\" class=\"yoast-schema-graph\">{\"@context\":\"https:\/\/schema.org\",\"@graph\":[{\"@type\":\"WebPage\",\"@id\":\"https:\/\/www.maisonroussarie.com\/en\/private-events\/\",\"url\":\"https:\/\/www.maisonroussarie.com\/en\/private-events\/\",\"name\":\"Private events &#8226; Maison Roussarie &#8226; Catering, weddings, corporate events\",\"isPartOf\":{\"@id\":\"https:\/\/www.maisonroussarie.com\/en\/#website\"},\"datePublished\":\"2025-03-26T14:19:13+00:00\",\"dateModified\":\"2025-05-26T13:16:31+00:00\",\"description\":\"Parce que chaque \u00e9v\u00e9nement est unique, la Maison Roussarie vous proposons diff\u00e9rentes formules de service, pens\u00e9es pour s\u2019adapter \u00e0 vos envies, \u00e0 votre lieu de r\u00e9ception et \u00e0 l\u2019ambiance souhait\u00e9e.\",\"breadcrumb\":{\"@id\":\"https:\/\/www.maisonroussarie.com\/en\/private-events\/#breadcrumb\"},\"inLanguage\":\"en-US\",\"potentialAction\":[{\"@type\":\"ReadAction\",\"target\":[\"https:\/\/www.maisonroussarie.com\/en\/private-events\/\"]}]},{\"@type\":\"BreadcrumbList\",\"@id\":\"https:\/\/www.maisonroussarie.com\/en\/private-events\/#breadcrumb\",\"itemListElement\":[{\"@type\":\"ListItem\",\"position\":1,\"name\":\"Accueil\",\"item\":\"https:\/\/www.maisonroussarie.com\/en\/\"},{\"@type\":\"ListItem\",\"position\":2,\"name\":\"Private events\"}]},{\"@type\":\"WebSite\",\"@id\":\"https:\/\/www.maisonroussarie.com\/en\/#website\",\"url\":\"https:\/\/www.maisonroussarie.com\/en\/\",\"name\":\"Maison Roussarie\",\"description\":\"Catering, weddings, corporate events\",\"potentialAction\":[{\"@type\":\"SearchAction\",\"target\":{\"@type\":\"EntryPoint\",\"urlTemplate\":\"https:\/\/www.maisonroussarie.com\/en\/?s={search_term_string}\"},\"query-input\":{\"@type\":\"PropertyValueSpecification\",\"valueRequired\":true,\"valueName\":\"search_term_string\"}}],\"inLanguage\":\"en-US\"}]}<\/script>\n<!-- \/ Yoast SEO plugin. -->","yoast_head_json":{"title":"Private events &#8226; Maison Roussarie &#8226; Catering, weddings, corporate events","description":"Parce que chaque \u00e9v\u00e9nement est unique, la Maison Roussarie vous proposons diff\u00e9rentes formules de service, pens\u00e9es pour s\u2019adapter \u00e0 vos envies, \u00e0 votre lieu de r\u00e9ception et \u00e0 l\u2019ambiance souhait\u00e9e.","robots":{"index":"index","follow":"follow","max-snippet":"max-snippet:-1","max-image-preview":"max-image-preview:large","max-video-preview":"max-video-preview:-1"},"canonical":"https:\/\/www.maisonroussarie.com\/en\/private-events\/","og_locale":"en_US","og_type":"article","og_title":"Private events &#8226; Maison Roussarie &#8226; Catering, weddings, corporate events","og_description":"Parce que chaque \u00e9v\u00e9nement est unique, la Maison Roussarie vous proposons diff\u00e9rentes formules de service, pens\u00e9es pour s\u2019adapter \u00e0 vos envies, \u00e0 votre lieu de r\u00e9ception et \u00e0 l\u2019ambiance souhait\u00e9e.","og_url":"https:\/\/www.maisonroussarie.com\/en\/private-events\/","og_site_name":"Maison Roussarie","article_modified_time":"2025-05-26T13:16:31+00:00","og_image":[{"width":1920,"height":1280,"url":"https:\/\/www.maisonroussarie.com\/wp-content\/uploads\/2025\/04\/Maison-Roussarie-Cocktails-mariage-1.jpg","type":"image\/jpeg"}],"twitter_card":"summary_large_image","twitter_misc":{"Est. reading time":"4 minutes"},"schema":{"@context":"https:\/\/schema.org","@graph":[{"@type":"WebPage","@id":"https:\/\/www.maisonroussarie.com\/en\/private-events\/","url":"https:\/\/www.maisonroussarie.com\/en\/private-events\/","name":"Private events &#8226; Maison Roussarie &#8226; Catering, weddings, corporate events","isPartOf":{"@id":"https:\/\/www.maisonroussarie.com\/en\/#website"},"datePublished":"2025-03-26T14:19:13+00:00","dateModified":"2025-05-26T13:16:31+00:00","description":"Parce que chaque \u00e9v\u00e9nement est unique, la Maison Roussarie vous proposons diff\u00e9rentes formules de service, pens\u00e9es pour s\u2019adapter \u00e0 vos envies, \u00e0 votre lieu de r\u00e9ception et \u00e0 l\u2019ambiance souhait\u00e9e.","breadcrumb":{"@id":"https:\/\/www.maisonroussarie.com\/en\/private-events\/#breadcrumb"},"inLanguage":"en-US","potentialAction":[{"@type":"ReadAction","target":["https:\/\/www.maisonroussarie.com\/en\/private-events\/"]}]},{"@type":"BreadcrumbList","@id":"https:\/\/www.maisonroussarie.com\/en\/private-events\/#breadcrumb","itemListElement":[{"@type":"ListItem","position":1,"name":"Accueil","item":"https:\/\/www.maisonroussarie.com\/en\/"},{"@type":"ListItem","position":2,"name":"Private events"}]},{"@type":"WebSite","@id":"https:\/\/www.maisonroussarie.com\/en\/#website","url":"https:\/\/www.maisonroussarie.com\/en\/","name":"Maison Roussarie","description":"Catering, weddings, corporate events","potentialAction":[{"@type":"SearchAction","target":{"@type":"EntryPoint","urlTemplate":"https:\/\/www.maisonroussarie.com\/en\/?s={search_term_string}"},"query-input":{"@type":"PropertyValueSpecification","valueRequired":true,"valueName":"search_term_string"}}],"inLanguage":"en-US"}]}},"_links":{"self":[{"href":"https:\/\/www.maisonroussarie.com\/en\/wp-json\/wp\/v2\/pages\/1580","targetHints":{"allow":["GET"]}}],"collection":[{"href":"https:\/\/www.maisonroussarie.com\/en\/wp-json\/wp\/v2\/pages"}],"about":[{"href":"https:\/\/www.maisonroussarie.com\/en\/wp-json\/wp\/v2\/types\/page"}],"author":[{"embeddable":true,"href":"https:\/\/www.maisonroussarie.com\/en\/wp-json\/wp\/v2\/users\/1"}],"replies":[{"embeddable":true,"href":"https:\/\/www.maisonroussarie.com\/en\/wp-json\/wp\/v2\/comments?post=1580"}],"version-history":[{"count":11,"href":"https:\/\/www.maisonroussarie.com\/en\/wp-json\/wp\/v2\/pages\/1580\/revisions"}],"predecessor-version":[{"id":1626,"href":"https:\/\/www.maisonroussarie.com\/en\/wp-json\/wp\/v2\/pages\/1580\/revisions\/1626"}],"wp:attachment":[{"href":"https:\/\/www.maisonroussarie.com\/en\/wp-json\/wp\/v2\/media?parent=1580"}],"curies":[{"name":"wp","href":"https:\/\/api.w.org\/{rel}","templated":true}]}}